{"id":53,"date":"2012-10-13T07:36:00","date_gmt":"2012-10-13T07:36:00","guid":{"rendered":"http:\/\/ta2kb.com\/?page_id=53"},"modified":"2020-04-19T00:47:33","modified_gmt":"2020-04-19T00:47:33","slug":"hakkimda","status":"publish","type":"page","link":"https:\/\/ta2kb.com\/?page_id=53","title":{"rendered":"Hakk\u0131mda"},"content":{"rendered":"\n<div class=\"wp-block-image is-style-default\"><figure class=\"aligncenter size-large is-resized\"><img loading=\"lazy\" src=\"http:\/\/ta2kb.com\/wp-content\/uploads\/2020\/04\/ben_telsiz.jpg\" alt=\"TA2KB Abdulkadir Bozkurt\" class=\"wp-image-184\" width=\"586\" height=\"474\" srcset=\"https:\/\/ta2kb.com\/wp-content\/uploads\/2020\/04\/ben_telsiz.jpg 781w, https:\/\/ta2kb.com\/wp-content\/uploads\/2020\/04\/ben_telsiz-300x243.jpg 300w, https:\/\/ta2kb.com\/wp-content\/uploads\/2020\/04\/ben_telsiz-768x621.jpg 768w\" sizes=\"(max-width: 586px) 100vw, 586px\" \/><figcaption>TA2KB Abdulkadir Bozkurt<\/figcaption><\/figure><\/div>\n\n\n\n<p class=\"has-text-align-left\">1974 y\u0131l\u0131nda ailemin tek \u00e7ocu\u011fu olarak \u0130stanbul \u00dcsk\u00fcdar\u2019da d\u00fcnyaya geldim. Aslen Antalya Ormana\u2019l\u0131y\u0131m. 1980 y\u0131l\u0131nda ilkokul\u2019a \u00dcsk\u00fcdar 3. Selim ilk\u00f6gretim okulunda ba\u015flay\u0131p, ilk\u00f6grenimi ayn\u0131 okulda bitirdim. Elektronik d\u00fcnyas\u0131 ile tan\u0131\u015fmamda yine bu y\u0131llarda oldu. Babam\u0131n elektronik teknisyenli\u011fi yapt\u0131\u011f\u0131 kendine ait bir at\u00f6lyesi vard\u0131 ve o d\u00f6nemde elektrik idaresinin trafo istasyonlar\u0131na tak\u0131lan fotosel \u015falterlerin imalat\u0131n\u0131 yap\u0131yordu. Yaz tatillerinde babam\u0131n elektronik at\u00f6lyesine gidiyor hem yard\u0131m ediyor hem de bir\u015feyler \u00f6\u011freniyordum. \u015eimdi hat\u0131rl\u0131yorum da bir \u00e7ocu\u011fa g\u00f6re ne \u00e7ok hevesli idim ve ne  \u00e7ok soru sorard\u0131m. Hep daha fazlas\u0131n\u0131 \u00f6\u011frenmeye \u00e7al\u0131\u015f\u0131rd\u0131m. Keza bir s\u00fcre sonra elektrik, elektronik ile ilgili cin fikirlerimi arkada\u015flar\u0131m \u00e7o\u011fu zaman, b\u00fcy\u00fcklerim de bazen anlatmakta zorluk \u00e7eksede benim i\u00e7in baz\u0131 \u015feylerin sonunun olmad\u0131\u011f\u0131n\u0131 anlad\u0131\u011f\u0131m g\u00fczel bir s\u00fcre\u00e7ti.<\/p>\n\n\n\n<p>1985 y\u0131l\u0131nda hayat\u0131mdaki ilk 2 y\u00f6nl\u00fc radyoyu yani cb (halkband\u0131) telsizi g\u00f6rd\u00fcm. Aslen radyo bize ait de\u011fil ve dahi \u00e7al\u0131\u015f\u0131r bile de\u011fildi. Bir lodos f\u0131rt\u0131nas\u0131nda batan bir bal\u0131k\u00e7\u0131 teknesinden \u00e7\u0131kan bu telsiz , babam\u0131n arkada\u015flar\u0131ndan olan ve ticari bal\u0131k\u00e7\u0131l\u0131k yapan bir abimize aitti ve tamir i\u00e7in babama gelmi\u015fti. O telsizin tamir edilmesi, tekrar \u00e7al\u0131\u015f\u0131r hale gelmesi, testleri i\u00e7in babam\u0131n anten yapmas\u0131 , takmas\u0131 , denemesi ve o m\u00fcthi\u015f an. Evet bu 2 y\u00f6nl\u00fc radyo sayesinde uzaklardaki ba\u015fka bir ki\u015fi ile konu\u015fuyorsun, ona sesleniyorsun ve oda sana cevap veriyordu. \u0130\u00e7inde oldu\u011fumuz \u015fu g\u00fcnlerde yeni nesil i\u00e7in anlamas\u0131 \u00e7ok zor bir\u015fey asl\u0131nda bu. \u00c7\u00fcnk\u00fc onlar cep telefonlar\u0131 ile do\u011fdular ve d\u00fcnyan\u0131n cep telefonu etraf\u0131nda d\u00f6nd\u00fc\u011f\u00fcn\u00fc san\u0131yorlar. Oysa benim bahsetti\u011fim o y\u0131llarda bildi\u011finiz karasal telefon bile en erken 5-10 y\u0131lda ancak ba\u011flan\u0131yordu. Ne tuhaf de\u011fil mi ?<\/p>\n\n\n\n<p>Ayn\u0131 y\u0131l \u00d6zel Do\u011fu\u015f Lisesi haz\u0131rl\u0131k s\u0131n\u0131f\u0131na ba\u015flad\u0131\u011f\u0131m kolej \u00f6\u011frenimim, ortaokul ve lise olarak yine bu okulda devam etti ve 1992 y\u0131l\u0131nda mezun olmamla sonland\u0131. Malumunuz o y\u0131llarda kolejde okumak olduk\u00e7a masrafl\u0131 idi . Bu durum ailem bir\u015fey demese de benim \u00fczerimde olduk\u00e7a b\u00fcy\u00fck bir bask\u0131 kurmu\u015ftu. Nitekim bir \u00e7ocuk olsamda onlar\u0131n beni iyi bir okulda okutabilmek i\u00e7in \u00e7aba ve gayretlerini g\u00f6rebiliyordum. Tabii bu durum hem benim hem de y\u0131l sonu s\u0131n\u0131f ge\u00e7me hediyelerinin \u00e7\u0131tay\u0131 y\u00fckseltti\u011fi bir d\u00f6nemdi ayn\u0131 zamanda. Zorlu bir haz\u0131rl\u0131k s\u0131n\u0131f\u0131 y\u0131l\u0131 olan 1986 d\u00f6nem bitiminde gelen ilk te\u015fekk\u00fcr belgesi bana ilk cb telsizine giden yoluda a\u00e7m\u0131\u015f oldu ve \u201catom kar\u0131nca\u201d \u00e7a\u011fr\u0131 kodu ile havaya \u00e7\u0131k\u0131\u015f yapmaya ba\u015flad\u0131m.<\/p>\n\n\n\n<p>1992 y\u0131l\u0131nda kolejden mezun olarak ayn\u0131 y\u0131l kazand\u0131\u011f\u0131m \u0130stanbul \u00dcniversitesi Peyzaj Mimarl\u0131\u011f\u0131 b\u00f6l\u00fcm\u00fc ile \u00fcniversite e\u011fitimim ba\u015flam\u0131\u015f oldu. Nitekim kariyer ya\u015fant\u0131mda yine bu y\u0131llarda ba\u015flad\u0131. 1993 y\u0131l\u0131nda \u00d6zel Do\u011fu\u015f Okullar\u0131n\u0131n sahibi say\u0131n hocam\u0131z \u0130brahim Bey\u2019in ilk okul radyosu projesi ile profesyonel radyo hayat\u0131m\u0131zda ba\u015flam\u0131\u015f oldu. \u0130lk d\u00f6nemlerde neyin nas\u0131l yap\u0131laca\u011f\u0131n\u0131n deneme yan\u0131lma y\u00f6ntemi ile \u00f6\u011freniyor, amat\u00f6r ruhla i\u015fleri y\u00fcr\u00fct\u00fcyorduk. Ancak baz\u0131 \u015feylerin profesyonel olarak yap\u0131lmas\u0131 gerekti\u011fini anlamam\u0131z \u00e7ok uzun s\u00fcrmedi. \u0130\u015fin o y\u0131llardaki okulu olan TRT \u0130stanbul Radyosu k\u00f6kenli b\u00fcy\u00fcklerimizin katk\u0131lar\u0131 ile bizlerde de bir k\u00fclt\u00fcr ve birikim zaman i\u00e7inde olu\u015fmaya ba\u015flad\u0131. Nitekim radyo ya\u015fant\u0131m\u0131z tam profesyonelli\u011fe eri\u015fmi\u015fti ki , O d\u00f6nem frekans tahsis sorumlusu olan TGM (Telsiz Genel M\u00fcd\u00fcrl\u00fc\u011f\u00fcnden ) k\u00f6t\u00fc bir haber geldi. Ve t\u00fcm yurtta 2 y\u0131l boyunca t\u00fcm \u00f6zel radyo ve televizyon kurulu\u015flar\u0131 yay\u0131nlar\u0131n\u0131 durdurdu.<\/p>\n\n\n\n<p>Nitekim bu s\u00fcre\u00e7te art\u0131k bir i\u015fsiz radyocu olarak, \u00fcniversite y\u0131llar\u0131nda para kazanabilmek i\u00e7in bas\u0131n sekt\u00f6r\u00fcne muhabir olarak giri\u015f yapt\u0131m. 1996 y\u0131l\u0131nda bu vesile ile ilk amat\u00f6r telsizcilik s\u0131nav\u0131na \u0130stanbul, \u00dcsk\u00fcdar\u2019da TGM binas\u0131nda girdim. Nitekim \u00e7ok hakim ve bilgi sahibi olmad\u0131\u011f\u0131m halde C lisansl\u0131 bir amat\u00f6r radyo operat\u00f6r\u00fc olmu\u015ftum. Tabii ki bu s\u00fcre\u00e7teki ama\u00e7 muhabir olarak kamu takibinin yasal olarak yap\u0131labilmesi idi. Bu s\u00fcrecin hemen \u00f6ncesinde 92-93 y\u0131llar\u0131nda CB\u2019nin bozulmaya ba\u015flamas\u0131 ve ticari ama\u00e7la kullan\u0131lmas\u0131 ve dahi \u00fcniversite ve i\u015fin bana fazla vakit b\u0131rakmamas\u0131ndan cb kanallar\u0131na zaten \u00e7\u0131kmaz olmu\u015ftum. Ya\u015fad\u0131\u011f\u0131m bir ka\u00e7 olay ve cahil bir ka\u00e7 ki\u015fi y\u00fcz\u00fcnden amat\u00f6r frekanslara da bu sebeple \u00e7\u0131k\u0131\u015f yapmad\u0131m ve 3 y\u0131l sonras\u0131nda belgemi yenilemeyerek amat\u00f6r d\u00fcnyadan ayr\u0131ld\u0131m.<\/p>\n\n\n\n<p>Aradan y\u0131llar ge\u00e7ti, \u00fcniversite bitti, askerlik yap\u0131ld\u0131, i\u015fg\u00fc\u00e7 ve hayat gailesi derken hep akl\u0131mdaki amat\u00f6r ruh d\u00f6nem d\u00f6nem beni i\u00e7in i\u00e7in kemiriyordu. Hele ki 1999 y\u0131l\u0131ndaki b\u00fcy\u00fck depremde aileme gerek karasal gerekse GSM hatlar\u0131 ile ula\u015famam\u0131\u015f olmam, kimseden yard\u0131m isteyememek, 1 g\u00fcn \u00f6ncesinde trafik kazas\u0131 ge\u00e7irmi\u015f kuzenim ve yan\u0131ndaki refakat\u00e7i 2 yak\u0131n\u0131ma ula\u015famamak ve o \u00e7aresizlik hali \u2026Tamam hep akl\u0131m\u0131zda bir \u00e7\u0131k\u0131\u015f yolu olu\u015fturmak ama ! Netice olarak \u015fuan \u00e7al\u0131\u015ft\u0131\u011f\u0131m i\u015fyerindeki sorumluluk ve gereklilikler nedeniyle s\u00fcrekli irtibat halinde oldu\u011fum itfaiye, sivil savunma gibi kurum yerel y\u00f6neticilerinde te\u015fvik ve \u0131srarlar\u0131 ile tekrardan 2011 y\u0131l\u0131 May\u0131s ay\u0131nda s\u0131nava girerek A lisans\u0131 almaya hak kazand\u0131m. Belgemin gere\u011fi ile halen 3\u2019\u00fc sabit 2\u2019si mobil olmak \u00fczere 5 istasyonda FM, SSB olarak s\u00fcrd\u00fcrd\u00fc\u011f\u00fcm HF,VHF ve UHF \u00e7al\u0131\u015fmalar\u0131ma biraz daha ilgi ve zaman ay\u0131rarak dijital modda a\u011f\u0131rl\u0131kl\u0131 olarak aktif olmaktay\u0131m. Havadan ve karadan g\u00f6r\u00fc\u015fmek dile\u011fiyle 73 de TA2KB.<\/p>\n","protected":false},"excerpt":{"rendered":"<p>1974 y\u0131l\u0131nda ailemin tek \u00e7ocu\u011fu olarak \u0130stanbul \u00dcsk\u00fcdar\u2019da d\u00fcnyaya geldim. Aslen Antalya Ormana\u2019l\u0131y\u0131m. 1980 y\u0131l\u0131nda ilkokul\u2019a \u00dcsk\u00fcdar 3. Selim ilk\u00f6gretim<\/p>\n","protected":false},"author":1,"featured_media":0,"parent":0,"menu_order":0,"comment_status":"closed","ping_status":"closed","template":"","meta":[],"_links":{"self":[{"href":"https:\/\/ta2kb.com\/index.php?rest_route=\/wp\/v2\/pages\/53"}],"collection":[{"href":"https:\/\/ta2kb.com\/index.php?rest_route=\/wp\/v2\/pages"}],"about":[{"href":"https:\/\/ta2kb.com\/index.php?rest_route=\/wp\/v2\/types\/page"}],"author":[{"embeddable":true,"href":"https:\/\/ta2kb.com\/index.php?rest_route=\/wp\/v2\/users\/1"}],"replies":[{"embeddable":true,"href":"https:\/\/ta2kb.com\/index.php?rest_route=%2Fwp%2Fv2%2Fcomments&post=53"}],"version-history":[{"count":8,"href":"https:\/\/ta2kb.com\/index.php?rest_route=\/wp\/v2\/pages\/53\/revisions"}],"predecessor-version":[{"id":190,"href":"https:\/\/ta2kb.com\/index.php?rest_route=\/wp\/v2\/pages\/53\/revisions\/190"}],"wp:attachment":[{"href":"https:\/\/ta2kb.com\/index.php?rest_route=%2Fwp%2Fv2%2Fmedia&parent=53"}],"curies":[{"name":"wp","href":"https:\/\/api.w.org\/{rel}","templated":true}]}}