{"id":276,"date":"2020-05-04T22:14:59","date_gmt":"2020-05-04T22:14:59","guid":{"rendered":"http:\/\/ta2kb.com\/?page_id=276"},"modified":"2020-05-04T22:16:05","modified_gmt":"2020-05-04T22:16:05","slug":"irtibat-formu","status":"publish","type":"page","link":"https:\/\/ta2kb.com\/?page_id=276","title":{"rendered":"\u0130rtibat"},"content":{"rendered":"<div class=\"everest-forms\"><div class=\"evf-container default\" id=\"evf-11\"><form id=\"evf-form-11\" class=\"everest-form\" data-formid=\"11\" data-ajax_submission=\"0\" method=\"post\" enctype=\"multipart\/form-data\" action=\"\/index.php?rest_route=%2Fwp%2Fv2%2Fpages%2F276\"><div class=\"evf-field-container\"><input type=\"hidden\" id=\"_wpnonce\" name=\"_wpnonce\" value=\"0e38fff743\" \/><input type=\"hidden\" name=\"_wp_http_referer\" value=\"\/index.php?rest_route=%2Fwp%2Fv2%2Fpages%2F276\" \/><div class=\"evf-frontend-row\" data-row=\"row_1\"><div class=\"evf-frontend-grid evf-grid-1\" data-grid=\"grid_1\"><div id=\"evf-11-field_fullname-container\" class=\"evf-field evf-field-text form-row validate-required\" data-required-field-message=\"L\u00fctfen bo\u015f b\u0131rakmay\u0131n.\" data-field-id=\"fullname\"><label class=\"evf-field-label\" for=\"evf-11-field_fullname\"><span class=\"evf-label\">Ad Soyad<\/span> <abbr class=\"required\" title=\"Required\">*<\/abbr><\/label><input type=\"text\" id=\"evf-11-field_fullname\" class=\"input-text\" name=\"everest_forms[form_fields][fullname]\" required><\/div><div id=\"evf-11-field_email-container\" class=\"evf-field evf-field-email form-row validate-required validate-email\" data-required-field-message=\"Ge\u00e7erli bir mail adresi girin.\" data-field-id=\"email\"><label class=\"evf-field-label\" for=\"evf-11-field_email\"><span class=\"evf-label\">Email<\/span> <abbr class=\"required\" title=\"Required\">*<\/abbr><\/label><input type=\"email\" id=\"evf-11-field_email\" class=\"input-text\" name=\"everest_forms[form_fields][email]\" required><\/div><div id=\"evf-11-field_subject-container\" class=\"evf-field evf-field-text form-row validate-required\" data-required-field-message=\"L\u00fctfen bo\u015f b\u0131rakmay\u0131n.\" data-field-id=\"subject\"><label class=\"evf-field-label\" for=\"evf-11-field_subject\"><span class=\"evf-label\">Konu<\/span> <abbr class=\"required\" title=\"Required\">*<\/abbr><\/label><input type=\"text\" id=\"evf-11-field_subject\" class=\"input-text\" name=\"everest_forms[form_fields][subject]\" required><\/div><div id=\"evf-11-field_message-container\" class=\"evf-field evf-field-textarea form-row validate-required\" data-required-field-message=\"L\u00fctfen bo\u015f b\u0131rakmay\u0131n.\" data-field-id=\"message\"><label class=\"evf-field-label\" for=\"evf-11-field_message\"><span class=\"evf-label\">Mesaj\u0131n\u0131z<\/span> <abbr class=\"required\" title=\"Required\">*<\/abbr><\/label><textarea id=\"evf-11-field_message\" class=\"input-text\" name=\"everest_forms[form_fields][message]\" required><\/textarea><\/div><\/div><\/div><\/div><div class=\"evf-honeypot-container evf-field-hp\"><label for=\"evf-11-field-hp\" class=\"evf-field-label\">Message<\/label><input type=\"text\" name=\"everest_forms[hp]\" id=\"evf-11-field-hp\" class=\"input-text\"><\/div><div class=\"evf-recaptcha-container \" ><div class=\"g-recaptcha\" data-sitekey=\"6Ld58w8UAAAAAEo4AKxo6d8soa3gbQGrf8-y5rLX\"><\/div><input type=\"text\" name=\"g-recaptcha-hidden\" class=\"evf-recaptcha-hidden\" style=\"position:absolute!important;clip:rect(0,0,0,0)!important;height:1px!important;width:1px!important;border:0!important;overflow:hidden!important;padding:0!important;margin:0!important;\" required><\/div><div class=\"evf-submit-container \" ><input type=\"hidden\" name=\"everest_forms[id]\" value=\"11\"><input type=\"hidden\" name=\"everest_forms[author]\" value=\"1\"><button type='submit' name='everest_forms[submit]' class='everest-forms-submit-button button evf-submit ' id='evf-submit-11' value='evf-submit' data-process-text=\"Processing\u2026\" conditional_rules='\"\"' conditional_id='evf-submit-11' >G\u00f6nder<\/button><\/div><\/form><\/div><!-- .evf-container --><\/div>","protected":false},"excerpt":{"rendered":"","protected":false},"author":1,"featured_media":0,"parent":0,"menu_order":0,"comment_status":"closed","ping_status":"closed","template":"","meta":[],"_links":{"self":[{"href":"https:\/\/ta2kb.com\/index.php?rest_route=\/wp\/v2\/pages\/276"}],"collection":[{"href":"https:\/\/ta2kb.com\/index.php?rest_route=\/wp\/v2\/pages"}],"about":[{"href":"https:\/\/ta2kb.com\/index.php?rest_route=\/wp\/v2\/types\/page"}],"author":[{"embeddable":true,"href":"https:\/\/ta2kb.com\/index.php?rest_route=\/wp\/v2\/users\/1"}],"replies":[{"embeddable":true,"href":"https:\/\/ta2kb.com\/index.php?rest_route=%2Fwp%2Fv2%2Fcomments&post=276"}],"version-history":[{"count":2,"href":"https:\/\/ta2kb.com\/index.php?rest_route=\/wp\/v2\/pages\/276\/revisions"}],"predecessor-version":[{"id":279,"href":"https:\/\/ta2kb.com\/index.php?rest_route=\/wp\/v2\/pages\/276\/revisions\/279"}],"wp:attachment":[{"href":"https:\/\/ta2kb.com\/index.php?rest_route=%2Fwp%2Fv2%2Fmedia&parent=276"}],"curies":[{"name":"wp","href":"https:\/\/api.w.org\/{rel}","templated":true}]}}